{"id":319,"date":"2024-07-04T16:11:07","date_gmt":"2024-07-04T14:11:07","guid":{"rendered":"https:\/\/www.sense-and-purpose.com\/?page_id=319"},"modified":"2024-09-12T21:41:06","modified_gmt":"2024-09-12T19:41:06","slug":"focus-and-added-value","status":"publish","type":"page","link":"https:\/\/www.sense-and-purpose.com\/en\/focus-and-added-value\/","title":{"rendered":"Focus &#038; Added Value"},"content":{"rendered":"<section class=\"bde-section-319-209 bde-section\">\n              \n  \n  \n\t\n\n  <div class=\"section-background-overlay\"><\/div>\n\n\n<div class=\"section-container\"><div class=\"bde-columns-319-210 bde-columns\"><div class=\"bde-column-319-211 bde-column\">\n  \n  \n\t\n\n\n\n<div class=\"bde-div-319-212 bde-div\">\n  \n  \n\t\n\n\n\n<h1 class=\"bde-heading-319-213 bde-heading\">\nFocus &\n<\/h1>\n<\/div>\n<\/div><div class=\"bde-column-319-214 bde-column\">\n  \n  \n\t\n\n\n\n<div class=\"bde-div-319-215 bde-div\">\n  \n  \n\t\n\n\n\n<h1 class=\"bde-heading-319-216 bde-heading\">\nAdded Value\n<\/h1>\n<\/div>\n<\/div><\/div><div class=\"bde-columns-319-217 bde-columns\"><div class=\"bde-column-319-218 bde-column\">\n  \n  \n\t\n\n\n\n<div class=\"bde-div-319-219 bde-div\">\n  \n  \n\t\n\n\n\n<h3 class=\"bde-heading-319-220 bde-heading\">\nLeaders & Organisations\n<\/h3><div class=\"bde-text-319-221 bde-text\">\nWe cover a broad spectrum from coaching and leadership development to organisational development based on professional change management. We work with clients and leaders who are convinced that developing an organisation is only possible by liberating the power of the people.\n<\/div>\n<\/div>\n<\/div><div class=\"bde-column-319-222 bde-column\">\n  \n  \n\t\n\n\n\n<div class=\"bde-image-319-223 bde-image\">\n<figure class=\"breakdance-image breakdance-image--457\">\n\t<div class=\"breakdance-image-container\">\n\t\t<div class=\"breakdance-image-clip\"><img loading=\"lazy\" decoding=\"async\" class=\"breakdance-image-object\" src=\"https:\/\/www.sense-and-purpose.com\/wp-content\/uploads\/2024\/07\/IMG_4704.jpg\" width=\"1280\" height=\"853\" srcset=\"https:\/\/www.sense-and-purpose.com\/wp-content\/uploads\/2024\/07\/IMG_4704.jpg 1280w, https:\/\/www.sense-and-purpose.com\/wp-content\/uploads\/2024\/07\/IMG_4704-300x200.jpg 300w, https:\/\/www.sense-and-purpose.com\/wp-content\/uploads\/2024\/07\/IMG_4704-1024x682.jpg 1024w, https:\/\/www.sense-and-purpose.com\/wp-content\/uploads\/2024\/07\/IMG_4704-768x512.jpg 768w, https:\/\/www.sense-and-purpose.com\/wp-content\/uploads\/2024\/07\/IMG_4704-18x12.jpg 18w\" sizes=\"auto, (max-width: 1280px) 100vw, 1280px\"><\/div>\n\t<\/div><\/figure>\n\n<\/div>\n<\/div><\/div><\/div>\n<\/section><section class=\"bde-section-319-224 bde-section\">\n  \n  \n\t\n\n\n\n<div class=\"section-container\"><div class=\"bde-div-319-225 bde-div\">\n  \n  \n\t\n\n\n\n<h2 class=\"bde-heading-319-226 bde-heading\">\nCompanies don't succeed, people do.\n<\/h2>\n<\/div><div class=\"bde-div-319-227 bde-div\">\n  \n  \n\t\n\n\n\n<div class=\"bde-text-319-228 bde-text\">\nBob Nelson\n<\/div>\n<\/div><\/div>\n<\/section><section class=\"bde-section-319-229 bde-section\">\n              \n  \n  \n\t\n\n  <div class=\"section-background-overlay\"><\/div>\n\n\n<div class=\"section-container\"><div class=\"bde-columns-319-230 bde-columns\"><div class=\"bde-column-319-231 bde-column\">\n  \n  \n\t\n\n\n\n<div class=\"bde-image-319-232 bde-image\">\n<figure class=\"breakdance-image breakdance-image--459\">\n\t<div class=\"breakdance-image-container\">\n\t\t<div class=\"breakdance-image-clip\"><img loading=\"lazy\" decoding=\"async\" class=\"breakdance-image-object\" src=\"https:\/\/www.sense-and-purpose.com\/wp-content\/uploads\/2024\/07\/markus-spiske-zXBd9IETAr0-unsplash-scaled.jpg\" width=\"2560\" height=\"1643\" srcset=\"https:\/\/www.sense-and-purpose.com\/wp-content\/uploads\/2024\/07\/markus-spiske-zXBd9IETAr0-unsplash-scaled.jpg 2560w, https:\/\/www.sense-and-purpose.com\/wp-content\/uploads\/2024\/07\/markus-spiske-zXBd9IETAr0-unsplash-300x193.jpg 300w, https:\/\/www.sense-and-purpose.com\/wp-content\/uploads\/2024\/07\/markus-spiske-zXBd9IETAr0-unsplash-1024x657.jpg 1024w, https:\/\/www.sense-and-purpose.com\/wp-content\/uploads\/2024\/07\/markus-spiske-zXBd9IETAr0-unsplash-768x493.jpg 768w, https:\/\/www.sense-and-purpose.com\/wp-content\/uploads\/2024\/07\/markus-spiske-zXBd9IETAr0-unsplash-1536x986.jpg 1536w, https:\/\/www.sense-and-purpose.com\/wp-content\/uploads\/2024\/07\/markus-spiske-zXBd9IETAr0-unsplash-2048x1315.jpg 2048w, https:\/\/www.sense-and-purpose.com\/wp-content\/uploads\/2024\/07\/markus-spiske-zXBd9IETAr0-unsplash-18x12.jpg 18w\" sizes=\"auto, (max-width: 2560px) 100vw, 2560px\"><\/div>\n\t<\/div><\/figure>\n\n<\/div>\n<\/div><div class=\"bde-column-319-233 bde-column\">\n  \n  \n\t\n\n\n\n<div class=\"bde-div-319-234 bde-div\">\n  \n  \n\t\n\n\n\n<h3 class=\"bde-heading-319-235 bde-heading\">\nInhouse & Tailor Made\n<\/h3><div class=\"bde-text-319-236 bde-text\">\nAll our concepts and services focus on your specific organisational needs and will lead to sustainable development. Each and every corporate setting is unique \u2013 so are our services.\n<\/div>\n<\/div>\n<\/div><\/div><\/div>\n<\/section><section class=\"bde-section-319-237 bde-section\">\n  \n  \n\t\n\n\n\n<div class=\"section-container\"><div class=\"bde-div-319-238 bde-div\">\n  \n  \n\t\n\n\n\n<h2 class=\"bde-heading-319-239 bde-heading\">\nIf you focus on results, you will never change. If you focus on change, you will get results.\n<\/h2>\n<\/div><div class=\"bde-div-319-240 bde-div\">\n  \n  \n\t\n\n\n\n<div class=\"bde-text-319-241 bde-text\">\nJack Dixon\n<\/div>\n<\/div><\/div>\n<\/section><section class=\"bde-section-319-242 bde-section\">\n              \n  \n  \n\t\n\n  <div class=\"section-background-overlay\"><\/div>\n\n\n<div class=\"section-container\"><div class=\"bde-columns-319-243 bde-columns\"><div class=\"bde-column-319-244 bde-column\">\n  \n  \n\t\n\n\n\n<div class=\"bde-div-319-245 bde-div\">\n  \n  \n\t\n\n\n\n<h3 class=\"bde-heading-319-246 bde-heading\">\nEvolution & Transformation\n<\/h3><div class=\"bde-text-319-247 bde-text\">\nThe degree of necessary intervention will determine the strategy: from growth via an evolutionary path to urgent transformation in times of crises.\n<\/div>\n<\/div>\n<\/div><div class=\"bde-column-319-248 bde-column\">\n  \n  \n\t\n\n\n\n<div class=\"bde-image-319-249 bde-image\">\n<figure class=\"breakdance-image breakdance-image--458\">\n\t<div class=\"breakdance-image-container\">\n\t\t<div class=\"breakdance-image-clip\"><img loading=\"lazy\" decoding=\"async\" class=\"breakdance-image-object\" src=\"https:\/\/www.sense-and-purpose.com\/wp-content\/uploads\/2024\/07\/IMG_4705-1.jpg\" width=\"1280\" height=\"853\" srcset=\"https:\/\/www.sense-and-purpose.com\/wp-content\/uploads\/2024\/07\/IMG_4705-1.jpg 1280w, https:\/\/www.sense-and-purpose.com\/wp-content\/uploads\/2024\/07\/IMG_4705-1-300x200.jpg 300w, https:\/\/www.sense-and-purpose.com\/wp-content\/uploads\/2024\/07\/IMG_4705-1-1024x682.jpg 1024w, https:\/\/www.sense-and-purpose.com\/wp-content\/uploads\/2024\/07\/IMG_4705-1-768x512.jpg 768w, https:\/\/www.sense-and-purpose.com\/wp-content\/uploads\/2024\/07\/IMG_4705-1-18x12.jpg 18w\" sizes=\"auto, (max-width: 1280px) 100vw, 1280px\"><\/div>\n\t<\/div><\/figure>\n\n<\/div>\n<\/div><\/div><\/div>\n<\/section>","protected":false},"excerpt":{"rendered":"<p>Focus &#038; Added Value Leaders &#038; Organisations Wir decken ein breites Spektrum von Coaching und F\u00fchrungsentwicklung bis hin zu Organisationsentwicklung auf der Grundlage von professionellem Change Management ab. Wir arbeiten mit Kunden und F\u00fchrungskr\u00e4ften, die davon \u00fcberzeugt sind, dass die Entwicklung einer Organisation nur m\u00f6glich ist, wenn das volle Potential der Menschen freigesetzt wird. Companies [&hellip;]<\/p>","protected":false},"author":1,"featured_media":0,"parent":0,"menu_order":0,"comment_status":"closed","ping_status":"closed","template":"","meta":{"slim_seo":{"title":"Focus & Added Value - Sense &amp; Purpose","description":"Focus & Added Value Leaders & Organisations Wir decken ein breites Spektrum von Coaching und F\u00fchrungsentwicklung bis hin zu Organisationsentwicklung auf der Gru"},"_breakdance_hide_in_design_set":false,"_breakdance_tags":"","footnotes":""},"class_list":["post-319","page","type-page","status-publish","hentry"],"_links":{"self":[{"href":"https:\/\/www.sense-and-purpose.com\/en\/wp-json\/wp\/v2\/pages\/319","targetHints":{"allow":["GET"]}}],"collection":[{"href":"https:\/\/www.sense-and-purpose.com\/en\/wp-json\/wp\/v2\/pages"}],"about":[{"href":"https:\/\/www.sense-and-purpose.com\/en\/wp-json\/wp\/v2\/types\/page"}],"author":[{"embeddable":true,"href":"https:\/\/www.sense-and-purpose.com\/en\/wp-json\/wp\/v2\/users\/1"}],"replies":[{"embeddable":true,"href":"https:\/\/www.sense-and-purpose.com\/en\/wp-json\/wp\/v2\/comments?post=319"}],"version-history":[{"count":58,"href":"https:\/\/www.sense-and-purpose.com\/en\/wp-json\/wp\/v2\/pages\/319\/revisions"}],"predecessor-version":[{"id":1721,"href":"https:\/\/www.sense-and-purpose.com\/en\/wp-json\/wp\/v2\/pages\/319\/revisions\/1721"}],"wp:attachment":[{"href":"https:\/\/www.sense-and-purpose.com\/en\/wp-json\/wp\/v2\/media?parent=319"}],"curies":[{"name":"wp","href":"https:\/\/api.w.org\/{rel}","templated":true}]}}