{"id":216,"date":"2024-05-30T12:30:12","date_gmt":"2024-05-30T10:30:12","guid":{"rendered":"https:\/\/www.sense-and-purpose.com\/home\/"},"modified":"2024-09-10T01:09:22","modified_gmt":"2024-09-09T23:09:22","slug":"home","status":"publish","type":"page","link":"https:\/\/www.sense-and-purpose.com\/en\/","title":{"rendered":"Home"},"content":{"rendered":"<section class=\"bde-section-216-100 bde-section\">\n              \n  \n  \n\t\n\n  <div class=\"section-background-overlay\"><\/div>\n\n\n<div class=\"section-container\"><div class=\"bde-columns-216-234 bde-columns\"><div class=\"bde-column-216-235 bde-column\">\n  \n  \n\t\n\n\n\n<div class=\"bde-div-216-101 bde-div\">\n  \n  \n\t\n\n\n\n<h1 class=\"bde-heading-216-222 bde-heading\">\nSENSE & PURPOSE\n<\/h1><h1 class=\"bde-heading-216-250 bde-heading\">\nEnablers.\n<\/h1>\n<\/div><div class=\"bde-div-216-103 bde-div\">\n  \n  \n\t\n\n\n\n<div class=\"bde-text-216-104 bde-text\">\nWe are Leadership &amp; Change Consultants.\n<\/div><div class=\"bde-text-216-223 bde-text\">\nWe are convinced that LEADERS have to lead themselves before leading others.<br>We accompany CHANGE by focusing on \"Sense &amp; Purpose\" in leading people.<br>We grasp CONSULTING as enabling by truly focussing on people and a holistic approach.\n<\/div>\n<\/div>\n<\/div><div class=\"bde-column-216-304 bde-column\">\n  \n  \n\t\n\n\n\n<div class=\"bde-div-216-302 bde-div\">\n  \n  \n\t\n\n\n\n<div class=\"bde-image-216-340 bde-image\">\n<figure class=\"breakdance-image breakdance-image--951\">\n\t<div class=\"breakdance-image-container\">\n\t\t<div class=\"breakdance-image-clip\"><img loading=\"lazy\" decoding=\"async\" class=\"breakdance-image-object\" src=\"https:\/\/www.sense-and-purpose.com\/wp-content\/uploads\/2024\/08\/Submark_SandP.svg\" width=\"300\" height=\"300\" sizes=\"auto, (max-width: 300px) 100vw, 300px\"><\/div>\n\t<\/div><\/figure>\n\n<\/div>\n<\/div>\n<\/div><\/div><\/div>\n<\/section><section class=\"bde-section-216-364 bde-section\">\n  \n  \n\t\n\n\n\n<div class=\"section-container\"><h2 class=\"bde-heading-216-365 bde-heading\">\nOur Services\n<\/h2><div class=\"bde-fancy-divider-216-366 bde-fancy-divider\">\n\n\n<div class=\"bde-fancy-divider__wrapper\">\n  <div class=\"bde-fancy-divider__separator\">\n  \t  <\/div>\n<\/div>\n\n<\/div><div class=\"bde-columns-216-376 bde-columns\"><div class=\"bde-column-216-439 bde-column\">\n  \n  \n\t\n\n\n\n<div class=\"bde-text-216-441 bde-text\">\nWe are a professional partner in Organisational- &amp; Leadership Development and<br>also in developing high performance teams.\n<\/div>\n<\/div><div class=\"bde-column-216-447 bde-column\">\n  \n  \n\t\n\n\n\n<div class=\"bde-text-216-449 bde-text\">\nWe make sure that Change-\/<br>Transformation-Projects are successful and sustainable.\n<\/div>\n<\/div><div class=\"bde-column-216-443 bde-column\">\n  \n  \n\t\n\n\n\n<div class=\"bde-text-216-445 bde-text\">\nWe support in the<br>further development of corporate culture and business ethics.\n<\/div>\n<\/div><\/div><\/div>\n<\/section><section class=\"bde-section-216-111 bde-section\">\n  \n  \n\t\n\n\n\n<div class=\"section-container\"><\/div>\n<\/section><section class=\"bde-section-216-133 bde-section\">\n              \n  \n  \n\t\n\n  <div class=\"section-background-overlay\"><\/div>\n\n\n<div class=\"section-container\"><div class=\"bde-div-216-251 bde-div\">\n  \n  \n\t\n\n\n\n<div class=\"bde-advancedslider-216-254 bde-advancedslider\">\n<div class=\"breakdance-swiper-wrapper\" data-swiper-id=\"254\">\n  <div class=\"swiper\">\n    <div class=\"swiper-wrapper\">\n      <div class=\"bde-advancedslide-216-255 bde-advancedslide swiper-slide\">\n<div class=\"advanced-slider__slide\">\n  <h1 class=\"bde-heading-216-256 bde-heading\">\nOrganisations need constant development\n<\/h1>\n<\/div>\n<\/div><div class=\"bde-advancedslide-216-265 bde-advancedslide swiper-slide\">\n<div class=\"advanced-slider__slide\">\n  <h1 class=\"bde-heading-216-266 bde-heading\">\nDevelopment needs leadership\n<\/h1>\n<\/div>\n<\/div><div class=\"bde-advancedslide-216-267 bde-advancedslide swiper-slide\">\n<div class=\"advanced-slider__slide\">\n  <h1 class=\"bde-heading-216-268 bde-heading\">\nLeadership requires Sense &amp; Purpose\n<\/h1>\n<\/div>\n<\/div>\n    <\/div>\n  <\/div>\n\n      \n    \n<\/div>\n\n<\/div>\n<\/div><\/div>\n<\/section><section class=\"bde-section-216-269 bde-section\">\n              \n  \n  \n\t\n\n\n\n<div class=\"section-container\"><div class=\"bde-div-216-270 bde-div\">\n  \n  \n\t\n\n\n\n<h2 class=\"bde-heading-216-271 bde-heading\">\nOur Foundation of Success\n<\/h2><div class=\"bde-text-216-272 bde-text\">\nAt our core, we believe that true leadership starts with leading yourself. We guide change by embedding a deep Sense of Purpose and meaning in leadership.\n<\/div>\n<\/div><div class=\"bde-fancy-divider-216-273 bde-fancy-divider\">\n\n\n<div class=\"bde-fancy-divider__wrapper\">\n  <div class=\"bde-fancy-divider__separator\">\n  \t  <\/div>\n<\/div>\n\n<\/div><div class=\"bde-columns-216-274 bde-columns\"><div class=\"bde-column-216-275 bde-column\">\n  \n  \n\t\n\n\n\n<h3 class=\"bde-heading-216-277 bde-heading\">\nHarald & Stephan\n<\/h3><div class=\"bde-text-216-278 bde-text\">\nWith six degrees and decades of experience in management and academia, Harald &amp; Stephan excel in leading and inspiring through crisis and growth, combining diverse educational backgrounds with a holistic and unconventional approach.\n<\/div><div class=\"bde-button-216-306 bde-button\">\n    \n                                    \n    \n    \n    \n    \n            \n                    \n            \n            \n\n    \n    \n    \n    \n    \n    <a class=\"breakdance-link button-atom button-atom--custom bde-button__button\" href=\"https:\/\/www.sense-and-purpose.com\/en\/harald-and-stephan\/\" target=\"_self\" data-type=\"url\"  >\n\n    \n        <span class=\"button-atom__text\">Learn more<\/span>\n\n                            \n        \n                <\/a>\n\n    \n\n\n<\/div>\n<\/div><div class=\"bde-column-216-279 bde-column\">\n  \n  \n\t\n\n\n\n<h3 class=\"bde-heading-216-281 bde-heading\">\nFocus &<br>Added Value\n<\/h3><div class=\"bde-text-216-282 bde-text\">\nWe provide comprehensive coaching, leadership, and organisational development services tailored to each unique corporate setting, ensuring sustainable growth and effective transformations from evolutionary changes to crisis interventions.\n<\/div><div class=\"bde-button-216-307 bde-button\">\n    \n                                    \n    \n    \n    \n    \n            \n                    \n            \n            \n\n    \n    \n    \n    \n    \n    <a class=\"breakdance-link button-atom button-atom--custom bde-button__button\" href=\"https:\/\/www.sense-and-purpose.com\/en\/focus-and-added-value\/\" target=\"_self\" data-type=\"url\"  >\n\n    \n        <span class=\"button-atom__text\">Learn more<\/span>\n\n                            \n        \n                <\/a>\n\n    \n\n\n<\/div>\n<\/div><div class=\"bde-column-216-283 bde-column\">\n  \n  \n\t\n\n\n\n<h3 class=\"bde-heading-216-285 bde-heading\">\nApproach & Commitment\n<\/h3><div class=\"bde-text-216-286 bde-text\">\nWe facilitate a Sense of Purpose within organisations, driven by human nature's quest for meaning. Our dynamic approach integrates ethics and culture, creating vibrant and continuously evolving organisations.\n<\/div><div class=\"bde-button-216-308 bde-button\">\n    \n                                    \n    \n    \n    \n    \n            \n                    \n            \n            \n\n    \n    \n    \n    \n    \n    <a class=\"breakdance-link button-atom button-atom--custom bde-button__button\" href=\"https:\/\/www.sense-and-purpose.com\/en\/approach-and-commitment\/\" target=\"_self\" data-type=\"url\"  >\n\n    \n        <span class=\"button-atom__text\">Learn more<\/span>\n\n                            \n        \n                <\/a>\n\n    \n\n\n<\/div>\n<\/div><div class=\"bde-column-216-296 bde-column\">\n  \n  \n\t\n\n\n\n<h3 class=\"bde-heading-216-298 bde-heading\">\nIntellectual & Hedonistic\n<\/h3><div class=\"bde-text-216-299 bde-text\">\nBalancing rational order and passionate drive, we enhance organisational Sense &amp; Purpose by recognizing the importance of both intellectual rigor and hedonism.\n<\/div><div class=\"bde-button-216-309 bde-button\">\n    \n                                    \n    \n    \n    \n    \n            \n                    \n            \n            \n\n    \n    \n    \n    \n    \n    <a class=\"breakdance-link button-atom button-atom--custom bde-button__button\" href=\"https:\/\/www.sense-and-purpose.com\/en\/intellectual-and-hedonistic\/\" target=\"_self\" data-type=\"url\"  >\n\n    \n        <span class=\"button-atom__text\">Learn more<\/span>\n\n                            \n        \n                <\/a>\n\n    \n\n\n<\/div>\n<\/div><\/div><div class=\"bde-columns-216-341 bde-columns\"><div class=\"bde-column-216-342 bde-column\">\n  \n  \n\t\n\n\n\n<h3 class=\"bde-heading-216-343 bde-heading\">\nHarald & Stephan\n<\/h3><div class=\"bde-text-216-344 bde-text\">\nWith six degrees and decades of experience in management and academia, Harald &amp; Stephan excel in leading and inspiring through crisis and growth, combining diverse educational backgrounds with a holistic and unconventional approach.\n<\/div><div class=\"bde-button-216-358 bde-button\">\n    \n                                    \n    \n    \n    \n    \n            \n                    \n            \n            \n\n    \n    \n    \n    \n    \n    <a class=\"breakdance-link button-atom button-atom--custom bde-button__button\" href=\"https:\/\/www.sense-and-purpose.com\/en\/harald-and-stephan\/\" target=\"_self\" data-type=\"url\"  >\n\n    \n        <span class=\"button-atom__text\">Learn more<\/span>\n\n                            \n        \n                <\/a>\n\n    \n\n\n<\/div>\n<\/div><div class=\"bde-column-216-346 bde-column\">\n  \n  \n\t\n\n\n\n<h3 class=\"bde-heading-216-347 bde-heading\">\nFocus & Added Value\n<\/h3><div class=\"bde-text-216-348 bde-text\">\nWe provide comprehensive coaching, leadership, and organisational development<br>services tailored to each unique corporate setting, ensuring sustainable growth and effective transformations from evolutionary changes to crisis interventions.\n<\/div><div class=\"bde-button-216-359 bde-button\">\n    \n                                    \n    \n    \n    \n    \n            \n                    \n            \n            \n\n    \n    \n    \n    \n    \n    <a class=\"breakdance-link button-atom button-atom--custom bde-button__button\" href=\"https:\/\/www.sense-and-purpose.com\/en\/focus-and-added-value\/\" target=\"_self\" data-type=\"url\"  >\n\n    \n        <span class=\"button-atom__text\">Learn more<\/span>\n\n                            \n        \n                <\/a>\n\n    \n\n\n<\/div>\n<\/div><div class=\"bde-column-216-350 bde-column\">\n  \n  \n\t\n\n\n\n<h3 class=\"bde-heading-216-351 bde-heading\">\nApproach & Commitment\n<\/h3><div class=\"bde-text-216-352 bde-text\">\nWe facilitate a Sense of Purpose within organisations, driven by human nature's quest for meaning. Our dynamic approach integrates ethics and culture, creating vibrant and continuously evolving organisations.\n<\/div><div class=\"bde-button-216-360 bde-button\">\n    \n                                    \n    \n    \n    \n    \n            \n                    \n            \n            \n\n    \n    \n    \n    \n    \n    <a class=\"breakdance-link button-atom button-atom--custom bde-button__button\" href=\"https:\/\/www.sense-and-purpose.com\/en\/approach-and-commitment\/\" target=\"_self\" data-type=\"url\"  >\n\n    \n        <span class=\"button-atom__text\">Learn more<\/span>\n\n                            \n        \n                <\/a>\n\n    \n\n\n<\/div>\n<\/div><div class=\"bde-column-216-354 bde-column\">\n  \n  \n\t\n\n\n\n<h3 class=\"bde-heading-216-355 bde-heading\">\nIntellectual & Hedonistic\n<\/h3><div class=\"bde-text-216-356 bde-text\">\nBalancing rational order and passionate drive, we enhance organisational Sense &amp; Purpose by recognizing the importance of both intellectual rigor and hedonism.\n<\/div><div class=\"bde-button-216-361 bde-button\">\n    \n                                    \n    \n    \n    \n    \n            \n                    \n            \n            \n\n    \n    \n    \n    \n    \n    <a class=\"breakdance-link button-atom button-atom--custom bde-button__button\" href=\"https:\/\/www.sense-and-purpose.com\/en\/intellectual-and-hedonistic\/\" target=\"_self\" data-type=\"url\"  >\n\n    \n        <span class=\"button-atom__text\">Learn more<\/span>\n\n                            \n        \n                <\/a>\n\n    \n\n\n<\/div>\n<\/div><\/div><div class=\"bde-div-216-339 bde-div\">\n  \n  \n\t\n\n\n\n<div class=\"bde-image-216-287 bde-image\">\n<figure class=\"breakdance-image breakdance-image--1550\">\n\t<div class=\"breakdance-image-container\">\n\t\t<div class=\"breakdance-image-clip\"><img loading=\"lazy\" decoding=\"async\" class=\"breakdance-image-object\" src=\"https:\/\/www.sense-and-purpose.com\/wp-content\/uploads\/2024\/08\/kristall.jpg\" width=\"1200\" height=\"1600\" srcset=\"https:\/\/www.sense-and-purpose.com\/wp-content\/uploads\/2024\/08\/kristall.jpg 1200w, https:\/\/www.sense-and-purpose.com\/wp-content\/uploads\/2024\/08\/kristall-225x300.jpg 225w, https:\/\/www.sense-and-purpose.com\/wp-content\/uploads\/2024\/08\/kristall-768x1024.jpg 768w, https:\/\/www.sense-and-purpose.com\/wp-content\/uploads\/2024\/08\/kristall-1152x1536.jpg 1152w, https:\/\/www.sense-and-purpose.com\/wp-content\/uploads\/2024\/08\/kristall-9x12.jpg 9w\" sizes=\"auto, (max-width: 1200px) 100vw, 1200px\"><\/div>\n\t<\/div><\/figure>\n\n<\/div>\n<\/div><\/div>\n<\/section><section class=\"bde-section-216-288 bde-section\">\n  \n  \n\t\n\n\n\n<div class=\"section-container\"><div class=\"bde-div-216-327 bde-div\">\n  \n  \n\t\n\n\n\n<h2 class=\"bde-heading-216-328 bde-heading\">\nWhat has been is what will be, and what has been done is what will be done, and there is nothing new under the sun.\n<\/h2>\n<\/div><div class=\"bde-div-216-333 bde-div\">\n  \n  \n\t\n\n\n\n<div class=\"bde-text-216-334 bde-text\">\nKohelet 1:9\n<\/div>\n<\/div><\/div>\n<\/section>","protected":false},"excerpt":{"rendered":"<p>SENSE &#038; PURPOSE Enablers. Wir sind Leadership &#038; Change Consultants. Wir sind \u00fcberzeugt, dass LEADER sich selbst f\u00fchren m\u00fcssen, bevor sie andere f\u00fchren.Wir begleiten VER\u00c4NDERUNGEN, indem wir uns auf \u201eSense &#038; Purpose\u201c beim F\u00fchren von Menschen konzentrieren.BERATUNG bedeutet f\u00fcr uns etwas zu erm\u00f6glichen, indem wir den Menschen in den Mittelpunkt stellen und einen ganzheitlichen Ansatz [&hellip;]<\/p>","protected":false},"author":1,"featured_media":0,"parent":0,"menu_order":0,"comment_status":"closed","ping_status":"closed","template":"","meta":{"slim_seo":{"title":"Sense &amp; Purpose","description":"SENSE & PURPOSE Enablers. Wir sind Leadership & Change Consultants. Wir sind \u00fcberzeugt, dass LEADER sich selbst f\u00fchren m\u00fcssen, bevor sie andere f\u00fchren. Wir begl"},"_breakdance_hide_in_design_set":false,"_breakdance_tags":"","footnotes":""},"class_list":["post-216","page","type-page","status-publish","hentry"],"_links":{"self":[{"href":"https:\/\/www.sense-and-purpose.com\/en\/wp-json\/wp\/v2\/pages\/216","targetHints":{"allow":["GET"]}}],"collection":[{"href":"https:\/\/www.sense-and-purpose.com\/en\/wp-json\/wp\/v2\/pages"}],"about":[{"href":"https:\/\/www.sense-and-purpose.com\/en\/wp-json\/wp\/v2\/types\/page"}],"author":[{"embeddable":true,"href":"https:\/\/www.sense-and-purpose.com\/en\/wp-json\/wp\/v2\/users\/1"}],"replies":[{"embeddable":true,"href":"https:\/\/www.sense-and-purpose.com\/en\/wp-json\/wp\/v2\/comments?post=216"}],"version-history":[{"count":282,"href":"https:\/\/www.sense-and-purpose.com\/en\/wp-json\/wp\/v2\/pages\/216\/revisions"}],"predecessor-version":[{"id":1682,"href":"https:\/\/www.sense-and-purpose.com\/en\/wp-json\/wp\/v2\/pages\/216\/revisions\/1682"}],"wp:attachment":[{"href":"https:\/\/www.sense-and-purpose.com\/en\/wp-json\/wp\/v2\/media?parent=216"}],"curies":[{"name":"wp","href":"https:\/\/api.w.org\/{rel}","templated":true}]}}