{"id":215,"date":"2024-05-30T12:30:11","date_gmt":"2024-05-30T10:30:11","guid":{"rendered":"https:\/\/www.sense-and-purpose.com\/about-us\/"},"modified":"2024-09-13T13:43:06","modified_gmt":"2024-09-13T11:43:06","slug":"about-stephan","status":"publish","type":"page","link":"https:\/\/www.sense-and-purpose.com\/en\/about-stephan\/","title":{"rendered":"About Stephan"},"content":{"rendered":"<section class=\"bde-section-215-226 bde-section\">\n              \n  \n  \n\t\n\n  <div class=\"section-background-overlay\"><\/div>\n\n\n<div class=\"section-container\"><h1 class=\"bde-heading-215-227 bde-heading\">\nAbout Stephan\n<\/h1><div class=\"bde-columns-215-342 bde-columns\"><div class=\"bde-column-215-343 bde-column\">\n  \n  \n\t\n\n\n\n<div class=\"bde-text-215-228 bde-text\">\nMMMag. Dr. Stephan M. Klinger \u2013 regulatory consultant, storyteller and coach \u2013 studied Business, Anthropology, Law and Philosophy.<br><br>During the COVID pandemic, he took advantage of online courses at Harvard (Negotiation Skills) and the London School of Economics (Machine Learning).<br><br>He served as Head of Legal and Compliance in the banking and insurance sectors, most recently at the Austrian Central Bank.<br><br>Stephan teaches students at universities in Austria and abroad in fields ranging from management, law and data philosophy to negotiation management, leadership ethics and diversity.<br><br>He is fascinated by watching his three sons develop into their own vibrant lives.\n<\/div>\n<\/div><div class=\"bde-column-215-344 bde-column\">\n  \n  \n\t\n\n\n\n<div class=\"bde-image-215-345 bde-image\">\n<figure class=\"breakdance-image breakdance-image--1684\">\n\t<div class=\"breakdance-image-container\">\n\t\t<div class=\"breakdance-image-clip\"><img loading=\"lazy\" decoding=\"async\" class=\"breakdance-image-object\" src=\"https:\/\/www.sense-and-purpose.com\/wp-content\/uploads\/2024\/09\/Stephan-Klinger-257-350.jpeg\" width=\"237\" height=\"350\"><\/div>\n\t<\/div><\/figure>\n\n<\/div>\n<\/div><\/div><\/div>\n<\/section><section class=\"bde-section-215-331 bde-section\">\n  \n  \n\t\n\n\n\n<div class=\"section-container\"><div class=\"bde-basicslider-215-330 bde-basicslider breakdance-swiper-wrapper\">\n<div class=\"breakdance-swiper-wrapper\" data-swiper-id=\"330\">\n    <div class=\"swiper\">\n      <div class=\"swiper-wrapper\">\n      \n\t                    \n        <div class=\"swiper-slide\">\n          <div class=\"bde-basicslider__slide\" style=\"  background: var(--bde-palette-green-sandp-02bb2d4a-7917-4d73-9b05-33a2276ed20f-8);\">\n              <div class=\"bde-basicslider__content\">\n                          <h3 class=\"bde-basicslider__title\">Merkur Mehrwerttage<\/h3>\n                                    <div class=\"bde-basicslider__text\">\n              <p style=\"text-align: center;\">The Merkur Insurance and Merkur Life Insurance Mehrwerttage took place in picturesque Portoroz\/Slovenia. Stephan had the pleasure of being part of the diverse panel of speakers and talking about macroeconomics.<\/p><p><img loading=\"lazy\" decoding=\"async\" class=\"alignnone wp-image-510 size-medium_large\" src=\"https:\/\/www.sense-and-purpose.com\/wp-content\/uploads\/2024\/07\/MG_3728_sRGB_-768x512.jpg\" alt=\"\" width=\"768\" height=\"512\" data-wp-editing=\"1\" srcset=\"https:\/\/www.sense-and-purpose.com\/wp-content\/uploads\/2024\/07\/MG_3728_sRGB_-768x512.jpg 768w, https:\/\/www.sense-and-purpose.com\/wp-content\/uploads\/2024\/07\/MG_3728_sRGB_-300x200.jpg 300w, https:\/\/www.sense-and-purpose.com\/wp-content\/uploads\/2024\/07\/MG_3728_sRGB_-18x12.jpg 18w, https:\/\/www.sense-and-purpose.com\/wp-content\/uploads\/2024\/07\/MG_3728_sRGB_.jpg 1024w\" sizes=\"auto, (max-width: 768px) 100vw, 768px\" \/><\/p><p style=\"text-align: center;\">@Nikola Milatovic \/ #Merkur Versicherung AG #Merkur Lebensversicherung AG<\/p>\n            <\/div>\n                                    <\/div>\n\n\t\t\t\t\t\t\n          <\/div>\n        <\/div>\n       \n\t                    \n        <div class=\"swiper-slide\">\n          <div class=\"bde-basicslider__slide\" style=\"  background: var(--bde-palette-green-sandp-02bb2d4a-7917-4d73-9b05-33a2276ed20f-8);\">\n              <div class=\"bde-basicslider__content\">\n                          <h3 class=\"bde-basicslider__title\">Finance Busters \u2013 finance education with humor<\/h3>\n                                    <div class=\"bde-basicslider__text\">\n              <p style=\"text-align: center;\">The \u201cfinance busters\u201d at the Vienna University of Economics and Business are getting to the heart of global economic relationships and financial terms for young people. The Chamber of Commerce initiative has been running on TikTok since the summer 2023.<br \/><br \/><img loading=\"lazy\" decoding=\"async\" class=\"wp-image-1691 alignleft\" src=\"https:\/\/www.sense-and-purpose.com\/wp-content\/uploads\/2024\/09\/image0-scaled.jpeg\" alt=\"\" width=\"830\" height=\"554\" srcset=\"https:\/\/www.sense-and-purpose.com\/wp-content\/uploads\/2024\/09\/image0-scaled.jpeg 2560w, https:\/\/www.sense-and-purpose.com\/wp-content\/uploads\/2024\/09\/image0-300x200.jpeg 300w, https:\/\/www.sense-and-purpose.com\/wp-content\/uploads\/2024\/09\/image0-1024x683.jpeg 1024w, https:\/\/www.sense-and-purpose.com\/wp-content\/uploads\/2024\/09\/image0-768x512.jpeg 768w, https:\/\/www.sense-and-purpose.com\/wp-content\/uploads\/2024\/09\/image0-1536x1025.jpeg 1536w, https:\/\/www.sense-and-purpose.com\/wp-content\/uploads\/2024\/09\/image0-2048x1366.jpeg 2048w, https:\/\/www.sense-and-purpose.com\/wp-content\/uploads\/2024\/09\/image0-18x12.jpeg 18w\" sizes=\"auto, (max-width: 830px) 100vw, 830px\" \/><\/p><p style=\"text-align: center;\">@Florian Wieser \/ Finance Busters im Kabarett Simpl (September 2024) #Wiener Finanzdienstleister #WK Wien<\/p>\n            <\/div>\n                                            \n                                    \n    \n    \n    \n    \n            \n                    \n            \n            \n\n    \n    \n    \n    \n    \n    <a class=\"breakdance-link button-atom button-atom--custom bde-basicslider__button\" href=\"https:\/\/wien.orf.at\/stories\/3232246\/\" target=\"_blank\" data-type=\"url\"  >\n\n    \n        <span class=\"button-atom__text\">Read article<\/span>\n\n        \n        \n                <\/a>\n\n    \n\n                        <\/div>\n\n\t\t\t\t\t\t\n          <\/div>\n        <\/div>\n       \n\t                    \n        <div class=\"swiper-slide\">\n          <div class=\"bde-basicslider__slide\" style=\"  background: var(--bde-palette-green-sandp-02bb2d4a-7917-4d73-9b05-33a2276ed20f-8);\">\n              <div class=\"bde-basicslider__content\">\n                          <h3 class=\"bde-basicslider__title\">Young Generations are rethinking consulting<\/h3>\n                                    <div class=\"bde-basicslider__text\">\n              <p style=\"text-align: center;\">Students analyze the HR strategies of a management consultancy in terms of their fit with the needs of generations Y and Z.<\/p><p><img loading=\"lazy\" decoding=\"async\" class=\"alignnone wp-image-1272\" src=\"https:\/\/www.sense-and-purpose.com\/wp-content\/uploads\/2024\/08\/younggenerations-768x917.png\" alt=\"\" width=\"500\" height=\"597\" srcset=\"https:\/\/www.sense-and-purpose.com\/wp-content\/uploads\/2024\/08\/younggenerations-768x917.png 768w, https:\/\/www.sense-and-purpose.com\/wp-content\/uploads\/2024\/08\/younggenerations-251x300.png 251w, https:\/\/www.sense-and-purpose.com\/wp-content\/uploads\/2024\/08\/younggenerations-858x1024.png 858w, https:\/\/www.sense-and-purpose.com\/wp-content\/uploads\/2024\/08\/younggenerations-10x12.png 10w, https:\/\/www.sense-and-purpose.com\/wp-content\/uploads\/2024\/08\/younggenerations.png 886w\" sizes=\"auto, (max-width: 500px) 100vw, 500px\" \/><\/p><p>\u00a0<\/p>\n            <\/div>\n                                            \n                                    \n    \n    \n    \n    \n            \n                    \n            \n            \n\n    \n    \n    \n    \n    \n    <a class=\"breakdance-link button-atom button-atom--custom bde-basicslider__button\" href=\"https:\/\/www.tuwien.at\/fileadmin\/ACE\/ACE_Allgemein\/Austrian_Management_Review\/Volume_11\/AtMR11-6-Klinger_et_al-Junge_Generationen_denken_Beratung_neu.pdf\" target=\"_blank\" data-type=\"url\"  >\n\n    \n        <span class=\"button-atom__text\">Read article<\/span>\n\n        \n        \n                <\/a>\n\n    \n\n                        <\/div>\n\n\t\t\t\t\t\t\n          <\/div>\n        <\/div>\n       \n\t                    \n        <div class=\"swiper-slide\">\n          <div class=\"bde-basicslider__slide\" style=\"  background: var(--bde-palette-green-sandp-02bb2d4a-7917-4d73-9b05-33a2276ed20f-8);\">\n              <div class=\"bde-basicslider__content\">\n                          <h3 class=\"bde-basicslider__title\">Practical dialog about the future<\/h3>\n                                    <div class=\"bde-basicslider__text\">\n              <p style=\"text-align: center;\">Discussing the future of the internet and stroking dinosaurs at the Linz-based tech start-up schorn.io<\/p><p><img loading=\"lazy\" decoding=\"async\" class=\"alignnone wp-image-1560\" src=\"https:\/\/www.sense-and-purpose.com\/wp-content\/uploads\/2024\/08\/AppleVisionPro-e1725015160908.jpeg\" alt=\"Applevisionpro\" width=\"600\" height=\"553\" srcset=\"https:\/\/www.sense-and-purpose.com\/wp-content\/uploads\/2024\/08\/AppleVisionPro-e1725015160908.jpeg 1200w, https:\/\/www.sense-and-purpose.com\/wp-content\/uploads\/2024\/08\/AppleVisionPro-e1725015160908-300x277.jpeg 300w, https:\/\/www.sense-and-purpose.com\/wp-content\/uploads\/2024\/08\/AppleVisionPro-e1725015160908-1024x944.jpeg 1024w, https:\/\/www.sense-and-purpose.com\/wp-content\/uploads\/2024\/08\/AppleVisionPro-e1725015160908-768x708.jpeg 768w, https:\/\/www.sense-and-purpose.com\/wp-content\/uploads\/2024\/08\/AppleVisionPro-e1725015160908-13x12.jpeg 13w\" sizes=\"auto, (max-width: 600px) 100vw, 600px\" \/><\/p><p style=\"text-align: center;\">@Stephan Klinger<\/p>\n            <\/div>\n                                    <\/div>\n\n\t\t\t\t\t\t\n          <\/div>\n        <\/div>\n       \n\t                    \n        <div class=\"swiper-slide\">\n          <div class=\"bde-basicslider__slide\" style=\"  background: var(--bde-palette-green-sandp-02bb2d4a-7917-4d73-9b05-33a2276ed20f-8);\">\n              <div class=\"bde-basicslider__content\">\n                          <h3 class=\"bde-basicslider__title\">\u201cDo AIs actually have to go to school?\u201d<\/h3>\n                                    <div class=\"bde-basicslider__text\">\n              <p style=\"text-align: center;\">Together with Leander, winner of the European Defense Industry Hackathon, Stephan introduced the children to machine learning models in the field of artificial intelligence.<\/p><p><img loading=\"lazy\" decoding=\"async\" class=\"alignnone wp-image-1561\" src=\"https:\/\/www.sense-and-purpose.com\/wp-content\/uploads\/2024\/08\/Kinderuniversitat-2024.jpeg\" alt=\"Kinderuniversita\u0308t 2024\" width=\"450\" height=\"599\" srcset=\"https:\/\/www.sense-and-purpose.com\/wp-content\/uploads\/2024\/08\/Kinderuniversitat-2024.jpeg 1202w, https:\/\/www.sense-and-purpose.com\/wp-content\/uploads\/2024\/08\/Kinderuniversitat-2024-226x300.jpeg 226w, https:\/\/www.sense-and-purpose.com\/wp-content\/uploads\/2024\/08\/Kinderuniversitat-2024-770x1024.jpeg 770w, https:\/\/www.sense-and-purpose.com\/wp-content\/uploads\/2024\/08\/Kinderuniversitat-2024-768x1022.jpeg 768w, https:\/\/www.sense-and-purpose.com\/wp-content\/uploads\/2024\/08\/Kinderuniversitat-2024-1155x1536.jpeg 1155w, https:\/\/www.sense-and-purpose.com\/wp-content\/uploads\/2024\/08\/Kinderuniversitat-2024-9x12.jpeg 9w\" sizes=\"auto, (max-width: 450px) 100vw, 450px\" \/><\/p><p style=\"text-align: center;\">@Stephan Klinger \/ Kinderuni Wien 2024<\/p><p style=\"text-align: left;\">\u00a0<\/p>\n            <\/div>\n                                    <\/div>\n\n\t\t\t\t\t\t\n          <\/div>\n        <\/div>\n       \n      <\/div>\n    <\/div>\n                <div class=\"swiper-button-prev\">\n            <svg xmlns=\"http:\/\/www.w3.org\/2000\/svg\" id=\"icon-arrow-left2\" viewbox=\"0 0 32 32\">\n<path d=\"M12.586 27.414l-10-10c-0.781-0.781-0.781-2.047 0-2.828l10-10c0.781-0.781 2.047-0.781 2.828 0s0.781 2.047 0 2.828l-6.586 6.586h19.172c1.105 0 2 0.895 2 2s-0.895 2-2 2h-19.172l6.586 6.586c0.39 0.39 0.586 0.902 0.586 1.414s-0.195 1.024-0.586 1.414c-0.781 0.781-2.047 0.781-2.828 0z\"\/>\n<\/svg>\n        <\/div>\n        <div class=\"swiper-button-next\">\n            <svg xmlns=\"http:\/\/www.w3.org\/2000\/svg\" id=\"icon-arrow-right2\" viewbox=\"0 0 32 32\">\n<path d=\"M19.414 27.414l10-10c0.781-0.781 0.781-2.047 0-2.828l-10-10c-0.781-0.781-2.047-0.781-2.828 0s-0.781 2.047 0 2.828l6.586 6.586h-19.172c-1.105 0-2 0.895-2 2s0.895 2 2 2h19.172l-6.586 6.586c-0.39 0.39-0.586 0.902-0.586 1.414s0.195 1.024 0.586 1.414c0.781 0.781 2.047 0.781 2.828 0z\"\/>\n<\/svg>\n        <\/div>\n    \n            <div class=\"swiper-pagination\"><\/div>\n    \n<\/div>\n\n<\/div><\/div>\n<\/section><section class=\"bde-section-215-267 bde-section\">\n  \n  \n\t\n\n\n\n<div class=\"section-container\"><div class=\"bde-div-215-339 bde-div\">\n  \n  \n\t\n\n\n\n<div class=\"bde-code-block-215-340 bde-code-block\">\n\n  <html>\n<body>\n    <a href=\"https:\/\/www.sense-and-purpose.com\/wp-content\/uploads\/2024\/07\/CV_Stephan_Klinger_dt.pdf\" target=\"_blank\" class=\"rounded-button\" id=\"button1\">Stephans Lebenslauf herunterladen<\/a>\n<\/body>\n<\/html>\n\n\n\n<\/div><div class=\"bde-code-block-215-341 bde-code-block\">\n\n  <html>\n<body>\n    <a href=\"https:\/\/www.sense-and-purpose.com\/wp-content\/uploads\/2024\/08\/CV-Stephan-Klinger-english.pdf\" target=\"_blank\" class=\"rounded-button\" id=\"button2\">Download Stephan's CV<\/a>\n<\/body>\n<\/html>\n\n\n\n<\/div>\n<\/div><\/div>\n<\/section>","protected":false},"excerpt":{"rendered":"<p>\u00dcber Stephan Stephan Klinger hat Wirtschaft, Anthropologie, Recht und Philosophie studiert.W\u00e4hrend der COVID-Pandemie nahm er an Online-Kursen in Harvard (Negotiation Skills) und an der London School of Economics (Machine Learning) teil.Er war als Leiter f\u00fcr Recht und Compliance im Banken- und Versicherungssektor t\u00e4tig, zuletzt bei der \u00d6sterreichischen Nationalbank.Stephan unterrichtet an Universit\u00e4ten in \u00d6sterreich und im [&hellip;]<\/p>","protected":false},"author":1,"featured_media":0,"parent":0,"menu_order":0,"comment_status":"closed","ping_status":"closed","template":"","meta":{"slim_seo":{"title":"About Stephan - Sense &amp; Purpose","description":"\u00dcber Stephan Stephan Klinger hat Wirtschaft, Anthropologie, Recht und Philosophie studiert. W\u00e4hrend der COVID-Pandemie nahm er an Online-Kursen in Harvard (Nego"},"_breakdance_hide_in_design_set":false,"_breakdance_tags":"","footnotes":""},"class_list":["post-215","page","type-page","status-publish","hentry"],"_links":{"self":[{"href":"https:\/\/www.sense-and-purpose.com\/en\/wp-json\/wp\/v2\/pages\/215","targetHints":{"allow":["GET"]}}],"collection":[{"href":"https:\/\/www.sense-and-purpose.com\/en\/wp-json\/wp\/v2\/pages"}],"about":[{"href":"https:\/\/www.sense-and-purpose.com\/en\/wp-json\/wp\/v2\/types\/page"}],"author":[{"embeddable":true,"href":"https:\/\/www.sense-and-purpose.com\/en\/wp-json\/wp\/v2\/users\/1"}],"replies":[{"embeddable":true,"href":"https:\/\/www.sense-and-purpose.com\/en\/wp-json\/wp\/v2\/comments?post=215"}],"version-history":[{"count":226,"href":"https:\/\/www.sense-and-purpose.com\/en\/wp-json\/wp\/v2\/pages\/215\/revisions"}],"predecessor-version":[{"id":1731,"href":"https:\/\/www.sense-and-purpose.com\/en\/wp-json\/wp\/v2\/pages\/215\/revisions\/1731"}],"wp:attachment":[{"href":"https:\/\/www.sense-and-purpose.com\/en\/wp-json\/wp\/v2\/media?parent=215"}],"curies":[{"name":"wp","href":"https:\/\/api.w.org\/{rel}","templated":true}]}}