{"id":1505,"date":"2024-08-29T20:40:21","date_gmt":"2024-08-29T18:40:21","guid":{"rendered":"https:\/\/www.sense-and-purpose.com\/?page_id=1505"},"modified":"2024-09-10T15:10:54","modified_gmt":"2024-09-10T13:10:54","slug":"about-harald","status":"publish","type":"page","link":"https:\/\/www.sense-and-purpose.com\/en\/about-harald\/","title":{"rendered":"About Harald"},"content":{"rendered":"<section class=\"bde-section-1505-226 bde-section\">\n              \n  \n  \n\t\n\n  <div class=\"section-background-overlay\"><\/div>\n\n\n<div class=\"section-container\"><h1 class=\"bde-heading-1505-227 bde-heading\">\nAbout Harald\n<\/h1><div class=\"bde-text-1505-228 bde-text\">\nHarald has got degrees in Business Administration and Cultural Sciences (Literature Sciences &amp; Philosophy). For more than 30 years he has been in different management positions mainly in HR and General Management. Apart from his leadership quality he is a proven expert in Project-, Change- and Transformation-Management, Teaching and Coaching. For him empowering people and relationship management are the key success-factors. He is passionate about developing organisations by focussing on people, Sense &amp; Purpose and thinking holistically. Harald is very open minded and truly focusses on intellectual, cultural, social and hedonistic aspects of life.\n<\/div><\/div>\n<\/section><section class=\"bde-section-1505-229 bde-section\">\n  \n  \n\t\n\n\n\n<div class=\"section-container\"><div class=\"bde-div-1505-330 bde-div\">\n  \n  \n\t\n\n\n\n<div class=\"bde-code-block-1505-331 bde-code-block\">\n\n  <html>\n<body>\n    <a href=\"https:\/\/www.sense-and-purpose.com\/wp-content\/uploads\/2024\/08\/CV-HaraldPOSCH-2024-deutschPDF.pdf\" target=\"_blank\" class=\"rounded-button\" id=\"button1\">Haralds Lebenslauf herunterladen<\/a>\n<\/body>\n<\/html>\n\n\n\n<\/div><div class=\"bde-code-block-1505-332 bde-code-block\">\n\n  <html>\n<body>\n    <a href=\"https:\/\/www.sense-and-purpose.com\/wp-content\/uploads\/2024\/08\/CV-HaraldPOSCH-2024.pdf\" target=\"_blank\" class=\"rounded-button\" id=\"button2\">Download Harald's CV<\/a>\n<\/body>\n<\/html>\n\n\n\n<\/div>\n<\/div><\/div>\n<\/section>","protected":false},"excerpt":{"rendered":"<p>\u00dcber Harald Harald hat einen Abschluss in Betriebswirtschaftslehre und Kulturwissenschaften (Literaturwissenschaften und Philosophie). Seit mehr als 30 Jahren ist er in verschiedenen F\u00fchrungspositionen t\u00e4tig, vor allem in den Bereichen HR und General Management. Neben seinen F\u00fchrungsqualit\u00e4ten ist er ein ausgewiesener Experte f\u00fcr Projekt-, Change- und Transformationsmanagement, Lehre und Coaching. F\u00fcr ihn sind empowering people und [&hellip;]<\/p>","protected":false},"author":1,"featured_media":0,"parent":0,"menu_order":0,"comment_status":"closed","ping_status":"closed","template":"","meta":{"slim_seo":{"title":"About Harald - Sense &amp; Purpose","description":"\u00dcber Harald Harald hat einen Abschluss in Betriebswirtschaftslehre und Kulturwissenschaften (Literaturwissenschaften und Philosophie). Seit mehr als 30 Jahren i"},"_breakdance_hide_in_design_set":false,"_breakdance_tags":"","footnotes":""},"class_list":["post-1505","page","type-page","status-publish","hentry"],"_links":{"self":[{"href":"https:\/\/www.sense-and-purpose.com\/en\/wp-json\/wp\/v2\/pages\/1505","targetHints":{"allow":["GET"]}}],"collection":[{"href":"https:\/\/www.sense-and-purpose.com\/en\/wp-json\/wp\/v2\/pages"}],"about":[{"href":"https:\/\/www.sense-and-purpose.com\/en\/wp-json\/wp\/v2\/types\/page"}],"author":[{"embeddable":true,"href":"https:\/\/www.sense-and-purpose.com\/en\/wp-json\/wp\/v2\/users\/1"}],"replies":[{"embeddable":true,"href":"https:\/\/www.sense-and-purpose.com\/en\/wp-json\/wp\/v2\/comments?post=1505"}],"version-history":[{"count":36,"href":"https:\/\/www.sense-and-purpose.com\/en\/wp-json\/wp\/v2\/pages\/1505\/revisions"}],"predecessor-version":[{"id":1683,"href":"https:\/\/www.sense-and-purpose.com\/en\/wp-json\/wp\/v2\/pages\/1505\/revisions\/1683"}],"wp:attachment":[{"href":"https:\/\/www.sense-and-purpose.com\/en\/wp-json\/wp\/v2\/media?parent=1505"}],"curies":[{"name":"wp","href":"https:\/\/api.w.org\/{rel}","templated":true}]}}